


{"id":36,"date":"2024-12-29T08:57:17","date_gmt":"2024-12-29T07:57:17","guid":{"rendered":"https:\/\/unitesaintgilles.be\/?page_id=36"},"modified":"2025-01-09T21:22:07","modified_gmt":"2025-01-09T20:22:07","slug":"les-sections","status":"publish","type":"page","link":"https:\/\/unitesaintgilles.be\/index.php\/les-sections\/","title":{"rendered":"Les sections"},"content":{"rendered":"\n<p class=\"has-text-align-center\">L&rsquo;unit\u00e9 scoute Saint-Gilles de Li\u00e8ge est compos\u00e9e de quatre sections dynamiques : les Baladins, les Louveteaux, les \u00c9claireurs et les Pionniers. Chaque section offre aux jeunes une aventure adapt\u00e9e \u00e0 leur \u00e2ge, permettant ainsi aux enfants et adolescents de s&rsquo;\u00e9panouir \u00e0 travers des activit\u00e9s vari\u00e9es et enrichissantes. Des jeux pour les plus petits aux d\u00e9fis pour les plus grands, en passant par la d\u00e9couverte de la nature et la vie en groupe, l&rsquo;unit\u00e9 Saint-Gilles offre un parcours complet et stimulant pour ses membres. Rejoignez-nous pour vivre des exp\u00e9riences inoubliables et grandir ensemble !<\/p>\n\n\n\n<div class=\"wp-block-group has-larger-font-size is-layout-grid wp-container-core-group-is-layout-4d858cb8 wp-block-group-is-layout-grid\">\n<figure class=\"wp-block-image size-full\"><a href=\"https:\/\/unitesaintgilles.be\/index.php\/les-sections\/section-baladins\/\"><img loading=\"lazy\" decoding=\"async\" width=\"497\" height=\"567\" src=\"http:\/\/unitesaintgilles.be\/wp-content\/uploads\/2025\/01\/logo_Baladins.png\" alt=\"\" class=\"wp-image-93\" srcset=\"https:\/\/unitesaintgilles.be\/wp-content\/uploads\/2025\/01\/logo_Baladins.png 497w, https:\/\/unitesaintgilles.be\/wp-content\/uploads\/2025\/01\/logo_Baladins-263x300.png 263w\" sizes=\"auto, (max-width: 497px) 100vw, 497px\" \/><\/a><\/figure>\n\n\n\n<figure class=\"wp-block-image size-full\"><a href=\"https:\/\/unitesaintgilles.be\/index.php\/les-sections\/section-louveteaux\/\"><img loading=\"lazy\" decoding=\"async\" width=\"497\" height=\"567\" src=\"http:\/\/unitesaintgilles.be\/wp-content\/uploads\/2025\/01\/logo_Louveteaux.png\" alt=\"\" class=\"wp-image-94\" srcset=\"https:\/\/unitesaintgilles.be\/wp-content\/uploads\/2025\/01\/logo_Louveteaux.png 497w, https:\/\/unitesaintgilles.be\/wp-content\/uploads\/2025\/01\/logo_Louveteaux-263x300.png 263w\" sizes=\"auto, (max-width: 497px) 100vw, 497px\" \/><\/a><\/figure>\n\n\n\n<figure class=\"wp-block-image size-full\"><a href=\"https:\/\/unitesaintgilles.be\/index.php\/les-sections\/section-eclaireurs\/\"><img loading=\"lazy\" decoding=\"async\" width=\"497\" height=\"567\" src=\"http:\/\/unitesaintgilles.be\/wp-content\/uploads\/2025\/01\/logo_Eclaireurs.png\" alt=\"\" class=\"wp-image-95\" srcset=\"https:\/\/unitesaintgilles.be\/wp-content\/uploads\/2025\/01\/logo_Eclaireurs.png 497w, https:\/\/unitesaintgilles.be\/wp-content\/uploads\/2025\/01\/logo_Eclaireurs-263x300.png 263w\" sizes=\"auto, (max-width: 497px) 100vw, 497px\" \/><\/a><\/figure>\n\n\n\n<figure class=\"wp-block-image size-full\"><a href=\"https:\/\/unitesaintgilles.be\/index.php\/les-sections\/section-pionniers\/\"><img loading=\"lazy\" decoding=\"async\" width=\"497\" height=\"567\" src=\"http:\/\/unitesaintgilles.be\/wp-content\/uploads\/2025\/01\/logo_Pionniers.png\" alt=\"\" class=\"wp-image-96\" srcset=\"https:\/\/unitesaintgilles.be\/wp-content\/uploads\/2025\/01\/logo_Pionniers.png 497w, https:\/\/unitesaintgilles.be\/wp-content\/uploads\/2025\/01\/logo_Pionniers-263x300.png 263w\" sizes=\"auto, (max-width: 497px) 100vw, 497px\" \/><\/a><\/figure>\n<\/div>\n\n\n\n<p><\/p>\n","protected":false},"excerpt":{"rendered":"<p>L&rsquo;unit\u00e9 scoute Saint-Gilles de Li\u00e8ge est compos\u00e9e de quatre sections dynamiques : les Baladins, les Louveteaux, les \u00c9claireurs et les Pionniers. Chaque section offre aux &hellip;<\/p>\n","protected":false},"author":2,"featured_media":0,"parent":0,"menu_order":2,"comment_status":"closed","ping_status":"closed","template":"","meta":{"footnotes":""},"class_list":["post-36","page","type-page","status-publish","hentry"],"_links":{"self":[{"href":"https:\/\/unitesaintgilles.be\/index.php\/wp-json\/wp\/v2\/pages\/36","targetHints":{"allow":["GET"]}}],"collection":[{"href":"https:\/\/unitesaintgilles.be\/index.php\/wp-json\/wp\/v2\/pages"}],"about":[{"href":"https:\/\/unitesaintgilles.be\/index.php\/wp-json\/wp\/v2\/types\/page"}],"author":[{"embeddable":true,"href":"https:\/\/unitesaintgilles.be\/index.php\/wp-json\/wp\/v2\/users\/2"}],"replies":[{"embeddable":true,"href":"https:\/\/unitesaintgilles.be\/index.php\/wp-json\/wp\/v2\/comments?post=36"}],"version-history":[{"count":7,"href":"https:\/\/unitesaintgilles.be\/index.php\/wp-json\/wp\/v2\/pages\/36\/revisions"}],"predecessor-version":[{"id":108,"href":"https:\/\/unitesaintgilles.be\/index.php\/wp-json\/wp\/v2\/pages\/36\/revisions\/108"}],"wp:attachment":[{"href":"https:\/\/unitesaintgilles.be\/index.php\/wp-json\/wp\/v2\/media?parent=36"}],"curies":[{"name":"wp","href":"https:\/\/api.w.org\/{rel}","templated":true}]}}