


{"id":56,"date":"2025-01-05T23:16:48","date_gmt":"2025-01-05T22:16:48","guid":{"rendered":"https:\/\/unitesaintgilles.be\/?page_id=56"},"modified":"2025-01-09T21:30:18","modified_gmt":"2025-01-09T20:30:18","slug":"section-baladins","status":"publish","type":"page","link":"https:\/\/unitesaintgilles.be\/index.php\/les-sections\/section-baladins\/","title":{"rendered":"Les Baladins"},"content":{"rendered":"\n<p>La section baladin de l&rsquo;unit\u00e9 Saint-Gilles de Li\u00e8ge accueille les enfants de 6 \u00e0 8 ans, leur offrant une premi\u00e8re exp\u00e9rience du scoutisme. \u00c0 travers des jeux, des activit\u00e9s cr\u00e9atives et des sorties en nature, les baladins d\u00e9couvrent les valeurs du mouvement, telles que le respect, la coop\u00e9ration et l&rsquo;aventure. Encadr\u00e9s par des animateurs d\u00e9vou\u00e9s, les jeunes baladins apprennent \u00e0 travailler en \u00e9quipe, \u00e0 d\u00e9velopper leur autonomie et \u00e0 s&rsquo;\u00e9panouir dans un environnement bienveillant et s\u00e9curis\u00e9. La section baladin est un v\u00e9ritable tremplin vers les \u00e9tapes suivantes du parcours scout.<\/p>\n","protected":false},"excerpt":{"rendered":"<p>La section baladin de l&rsquo;unit\u00e9 Saint-Gilles de Li\u00e8ge accueille les enfants de 6 \u00e0 8 ans, leur offrant une premi\u00e8re exp\u00e9rience du scoutisme. \u00c0 travers &hellip;<\/p>\n","protected":false},"author":2,"featured_media":0,"parent":36,"menu_order":0,"comment_status":"closed","ping_status":"closed","template":"","meta":{"footnotes":""},"class_list":["post-56","page","type-page","status-publish","hentry"],"_links":{"self":[{"href":"https:\/\/unitesaintgilles.be\/index.php\/wp-json\/wp\/v2\/pages\/56","targetHints":{"allow":["GET"]}}],"collection":[{"href":"https:\/\/unitesaintgilles.be\/index.php\/wp-json\/wp\/v2\/pages"}],"about":[{"href":"https:\/\/unitesaintgilles.be\/index.php\/wp-json\/wp\/v2\/types\/page"}],"author":[{"embeddable":true,"href":"https:\/\/unitesaintgilles.be\/index.php\/wp-json\/wp\/v2\/users\/2"}],"replies":[{"embeddable":true,"href":"https:\/\/unitesaintgilles.be\/index.php\/wp-json\/wp\/v2\/comments?post=56"}],"version-history":[{"count":3,"href":"https:\/\/unitesaintgilles.be\/index.php\/wp-json\/wp\/v2\/pages\/56\/revisions"}],"predecessor-version":[{"id":106,"href":"https:\/\/unitesaintgilles.be\/index.php\/wp-json\/wp\/v2\/pages\/56\/revisions\/106"}],"up":[{"embeddable":true,"href":"https:\/\/unitesaintgilles.be\/index.php\/wp-json\/wp\/v2\/pages\/36"}],"wp:attachment":[{"href":"https:\/\/unitesaintgilles.be\/index.php\/wp-json\/wp\/v2\/media?parent=56"}],"curies":[{"name":"wp","href":"https:\/\/api.w.org\/{rel}","templated":true}]}}