


{"id":58,"date":"2025-01-05T23:18:52","date_gmt":"2025-01-05T22:18:52","guid":{"rendered":"https:\/\/unitesaintgilles.be\/?page_id=58"},"modified":"2025-01-09T21:31:06","modified_gmt":"2025-01-09T20:31:06","slug":"section-louveteaux","status":"publish","type":"page","link":"https:\/\/unitesaintgilles.be\/index.php\/les-sections\/section-louveteaux\/","title":{"rendered":"Les Louveteaux"},"content":{"rendered":"\n<p>La section louveteaux de l&rsquo;unit\u00e9 Saint-Gilles de Li\u00e8ge regroupe les enfants de 8 \u00e0 12 ans. \u00c0 travers des activit\u00e9s inspir\u00e9es de l&rsquo;univers de la jungle et du c\u00e9l\u00e8bre Livre de la Jungle, les louveteaux d\u00e9veloppent leur esprit d&rsquo;\u00e9quipe, leur confiance en eux et leur cr\u00e9ativit\u00e9. Les louveteaux participent \u00e0 des jeux de plein air, des ateliers manuels et des projets communautaires, toujours sous la supervision d&rsquo;animateurs exp\u00e9riment\u00e9s. Cette section vise \u00e0 offrir un environnement stimulant et s\u00e9curis\u00e9 o\u00f9 chaque enfant peut s&rsquo;\u00e9panouir, apprendre et se faire des amis tout en d\u00e9couvrant les valeurs du scoutisme.<br><\/p>\n","protected":false},"excerpt":{"rendered":"<p>La section louveteaux de l&rsquo;unit\u00e9 Saint-Gilles de Li\u00e8ge regroupe les enfants de 8 \u00e0 12 ans. \u00c0 travers des activit\u00e9s inspir\u00e9es de l&rsquo;univers de la &hellip;<\/p>\n","protected":false},"author":2,"featured_media":0,"parent":36,"menu_order":0,"comment_status":"closed","ping_status":"closed","template":"","meta":{"footnotes":""},"class_list":["post-58","page","type-page","status-publish","hentry"],"_links":{"self":[{"href":"https:\/\/unitesaintgilles.be\/index.php\/wp-json\/wp\/v2\/pages\/58","targetHints":{"allow":["GET"]}}],"collection":[{"href":"https:\/\/unitesaintgilles.be\/index.php\/wp-json\/wp\/v2\/pages"}],"about":[{"href":"https:\/\/unitesaintgilles.be\/index.php\/wp-json\/wp\/v2\/types\/page"}],"author":[{"embeddable":true,"href":"https:\/\/unitesaintgilles.be\/index.php\/wp-json\/wp\/v2\/users\/2"}],"replies":[{"embeddable":true,"href":"https:\/\/unitesaintgilles.be\/index.php\/wp-json\/wp\/v2\/comments?post=58"}],"version-history":[{"count":3,"href":"https:\/\/unitesaintgilles.be\/index.php\/wp-json\/wp\/v2\/pages\/58\/revisions"}],"predecessor-version":[{"id":113,"href":"https:\/\/unitesaintgilles.be\/index.php\/wp-json\/wp\/v2\/pages\/58\/revisions\/113"}],"up":[{"embeddable":true,"href":"https:\/\/unitesaintgilles.be\/index.php\/wp-json\/wp\/v2\/pages\/36"}],"wp:attachment":[{"href":"https:\/\/unitesaintgilles.be\/index.php\/wp-json\/wp\/v2\/media?parent=58"}],"curies":[{"name":"wp","href":"https:\/\/api.w.org\/{rel}","templated":true}]}}