


{"id":60,"date":"2025-01-05T23:19:32","date_gmt":"2025-01-05T22:19:32","guid":{"rendered":"https:\/\/unitesaintgilles.be\/?page_id=60"},"modified":"2025-01-09T21:30:47","modified_gmt":"2025-01-09T20:30:47","slug":"section-eclaireurs","status":"publish","type":"page","link":"https:\/\/unitesaintgilles.be\/index.php\/les-sections\/section-eclaireurs\/","title":{"rendered":"Les \u00c9claireurs"},"content":{"rendered":"\n<p>La section \u00e9claireurs de l&rsquo;unit\u00e9 Saint-Gilles de Li\u00e8ge accueille les jeunes de 12 \u00e0 16 ans, leur offrant un cadre propice \u00e0 l&rsquo;aventure, au d\u00e9passement de soi et \u00e0 la prise de responsabilit\u00e9s. Les \u00e9claireurs participent \u00e0 des camps, des randonn\u00e9es et des projets communautaires, d\u00e9veloppant ainsi leurs comp\u00e9tences pratiques et leur esprit d&rsquo;initiative. Encadr\u00e9s par des animateurs exp\u00e9riment\u00e9s, ils apprennent \u00e0 planifier et \u00e0 organiser des activit\u00e9s, tout en renfor\u00e7ant leurs valeurs de solidarit\u00e9, de respect et d&rsquo;engagement. La section \u00e9claireurs est un espace d&rsquo;\u00e9panouissement personnel o\u00f9 chaque jeune peut s&rsquo;affirmer et explorer ses passions.<br><\/p>\n","protected":false},"excerpt":{"rendered":"<p>La section \u00e9claireurs de l&rsquo;unit\u00e9 Saint-Gilles de Li\u00e8ge accueille les jeunes de 12 \u00e0 16 ans, leur offrant un cadre propice \u00e0 l&rsquo;aventure, au d\u00e9passement &hellip;<\/p>\n","protected":false},"author":2,"featured_media":0,"parent":36,"menu_order":0,"comment_status":"closed","ping_status":"closed","template":"","meta":{"footnotes":""},"class_list":["post-60","page","type-page","status-publish","hentry"],"_links":{"self":[{"href":"https:\/\/unitesaintgilles.be\/index.php\/wp-json\/wp\/v2\/pages\/60","targetHints":{"allow":["GET"]}}],"collection":[{"href":"https:\/\/unitesaintgilles.be\/index.php\/wp-json\/wp\/v2\/pages"}],"about":[{"href":"https:\/\/unitesaintgilles.be\/index.php\/wp-json\/wp\/v2\/types\/page"}],"author":[{"embeddable":true,"href":"https:\/\/unitesaintgilles.be\/index.php\/wp-json\/wp\/v2\/users\/2"}],"replies":[{"embeddable":true,"href":"https:\/\/unitesaintgilles.be\/index.php\/wp-json\/wp\/v2\/comments?post=60"}],"version-history":[{"count":3,"href":"https:\/\/unitesaintgilles.be\/index.php\/wp-json\/wp\/v2\/pages\/60\/revisions"}],"predecessor-version":[{"id":110,"href":"https:\/\/unitesaintgilles.be\/index.php\/wp-json\/wp\/v2\/pages\/60\/revisions\/110"}],"up":[{"embeddable":true,"href":"https:\/\/unitesaintgilles.be\/index.php\/wp-json\/wp\/v2\/pages\/36"}],"wp:attachment":[{"href":"https:\/\/unitesaintgilles.be\/index.php\/wp-json\/wp\/v2\/media?parent=60"}],"curies":[{"name":"wp","href":"https:\/\/api.w.org\/{rel}","templated":true}]}}