


{"id":62,"date":"2025-01-05T23:20:04","date_gmt":"2025-01-05T22:20:04","guid":{"rendered":"https:\/\/unitesaintgilles.be\/?page_id=62"},"modified":"2025-01-09T21:31:28","modified_gmt":"2025-01-09T20:31:28","slug":"section-pionniers","status":"publish","type":"page","link":"https:\/\/unitesaintgilles.be\/index.php\/les-sections\/section-pionniers\/","title":{"rendered":"Les Pionniers"},"content":{"rendered":"\n<p>La section pionniers de l&rsquo;unit\u00e9 Saint-Gilles de Li\u00e8ge s&rsquo;adresse aux jeunes de 16 \u00e0 18 ans. Dans cette phase de transition vers l&rsquo;\u00e2ge adulte, les pionniers sont encourag\u00e9s \u00e0 prendre des initiatives et \u00e0 s&rsquo;impliquer activement dans des projets communautaires et humanitaires. Ils participent \u00e0 des camps de longue dur\u00e9e, des exp\u00e9ditions et des ateliers de d\u00e9veloppement personnel. Guid\u00e9s par des animateurs exp\u00e9riment\u00e9s, les pionniers travaillent en \u00e9quipe pour planifier et r\u00e9aliser des projets ambitieux, d\u00e9veloppant ainsi leurs comp\u00e9tences en leadership, en organisation et en coop\u00e9ration. La section pionniers est un espace o\u00f9 les jeunes peuvent exprimer leur cr\u00e9ativit\u00e9, renforcer leur engagement social et vivre des exp\u00e9riences enrichissantes.<\/p>\n","protected":false},"excerpt":{"rendered":"<p>La section pionniers de l&rsquo;unit\u00e9 Saint-Gilles de Li\u00e8ge s&rsquo;adresse aux jeunes de 16 \u00e0 18 ans. Dans cette phase de transition vers l&rsquo;\u00e2ge adulte, les &hellip;<\/p>\n","protected":false},"author":2,"featured_media":0,"parent":36,"menu_order":0,"comment_status":"closed","ping_status":"closed","template":"","meta":{"footnotes":""},"class_list":["post-62","page","type-page","status-publish","hentry"],"_links":{"self":[{"href":"https:\/\/unitesaintgilles.be\/index.php\/wp-json\/wp\/v2\/pages\/62","targetHints":{"allow":["GET"]}}],"collection":[{"href":"https:\/\/unitesaintgilles.be\/index.php\/wp-json\/wp\/v2\/pages"}],"about":[{"href":"https:\/\/unitesaintgilles.be\/index.php\/wp-json\/wp\/v2\/types\/page"}],"author":[{"embeddable":true,"href":"https:\/\/unitesaintgilles.be\/index.php\/wp-json\/wp\/v2\/users\/2"}],"replies":[{"embeddable":true,"href":"https:\/\/unitesaintgilles.be\/index.php\/wp-json\/wp\/v2\/comments?post=62"}],"version-history":[{"count":3,"href":"https:\/\/unitesaintgilles.be\/index.php\/wp-json\/wp\/v2\/pages\/62\/revisions"}],"predecessor-version":[{"id":115,"href":"https:\/\/unitesaintgilles.be\/index.php\/wp-json\/wp\/v2\/pages\/62\/revisions\/115"}],"up":[{"embeddable":true,"href":"https:\/\/unitesaintgilles.be\/index.php\/wp-json\/wp\/v2\/pages\/36"}],"wp:attachment":[{"href":"https:\/\/unitesaintgilles.be\/index.php\/wp-json\/wp\/v2\/media?parent=62"}],"curies":[{"name":"wp","href":"https:\/\/api.w.org\/{rel}","templated":true}]}}